{"id":35,"date":"2020-01-26T11:57:03","date_gmt":"2020-01-26T14:57:03","guid":{"rendered":"https:\/\/alcanceguindastes.com.br\/?page_id=35"},"modified":"2020-02-26T11:32:58","modified_gmt":"2020-02-26T14:32:58","slug":"fale-conosco","status":"publish","type":"page","link":"https:\/\/alcanceguindastes.com.br\/index.php\/fale-conosco\/","title":{"rendered":"Fale Conosco"},"content":{"rendered":"<div class=\"wpb-content-wrapper\"><p>[vc_row wrap_container=&#8221;yes&#8221; el_class=&#8221;m-b-xl&#8221;][vc_column][vc_empty_space height=&#8221;50px&#8221;][vc_column_text]<\/p>\n<p>[caldera_form id=&#8221;CF5dfe3043a8235&#8243;]<\/p>\n<p>[\/vc_column_text][\/vc_column][\/vc_row][vc_row wrap_container=&#8221;yes&#8221; el_class=&#8221;m-b-xl&#8221;][vc_column width=&#8221;1\/2&#8243;][vc_custom_heading text=&#8221;Localiza\u00e7\u00e3o e Contato&#8221; font_container=&#8221;tag:h4|text_align:left&#8221; use_theme_fonts=&#8221;yes&#8221; skin=&#8221;primary&#8221;][vc_empty_space][bsf-info-box icon=&#8221;Defaults-map-marker&#8221; icon_size=&#8221;20&#8243; icon_color=&#8221;#78170e&#8221; title=&#8221;Rua: Jo\u00e3o Batista de Aguiar, 62 &#8211; S\u00e3o Cristov\u00e3o I Rio das Pedras S\u00e3o Paulo. CEP 13390-000&#8243;][\/bsf-info-box][bsf-info-box icon=&#8221;Defaults-whatsapp&#8221; icon_size=&#8221;20&#8243; icon_color=&#8221;#78170e&#8221; title=&#8221;<strong>+55.1<\/strong><strong>9.<\/strong>3493.1703 | <strong>19.<\/strong>97412.2739 | <strong>19.<\/strong>97404.2928&#8243;][\/bsf-info-box][bsf-info-box icon=&#8221;Defaults-envelope&#8221; icon_size=&#8221;20&#8243; icon_color=&#8221;#78170e&#8221; title=&#8221;comercial@alcanceguindastes.com.br&#8221;][\/bsf-info-box][\/vc_column][vc_column width=&#8221;1\/2&#8243;][vc_custom_heading text=&#8221;Hor\u00e1rios de Atendimento&#8221; font_container=&#8221;tag:h4|text_align:left&#8221; use_theme_fonts=&#8221;yes&#8221; skin=&#8221;primary&#8221;][vc_empty_space][bsf-info-box icon=&#8221;Defaults-clock-o&#8221; icon_size=&#8221;20&#8243; icon_color=&#8221;#78170e&#8221; title=&#8221;<strong>Segunda \u00e0 Sexta-feira<\/strong> das 8h \u00e0s 17h.&#8221;][\/bsf-info-box][\/vc_column][\/vc_row][vc_row][vc_column][vc_column_text] [\/vc_column_text][\/vc_column][\/vc_row][vc_row][vc_column][vc_column_text] [\/vc_column_text][\/vc_column][\/vc_row][vc_row][vc_column][vc_column_text] [\/vc_column_text][\/vc_column][\/vc_row][vc_row][vc_column][vc_column_text]<\/p>\n<p>&nbsp;<\/p>\n<p>[vc_row][vc_column][vc_gmaps link=&#8221;#E-8_JTNDaWZyYW1lJTIwc3JjJTNEJTIyaHR0cHMlM0ElMkYlMkZ3d3cuZ29vZ2xlLmNvbSUyRm1hcHMlMkZlbWJlZCUzRnBiJTNEJTIxMW0xOCUyMTFtMTIlMjExbTMlMjExZDM2NzYuOTIxMzI1MDI0NTIyNSUyMTJkLTQ3LjYxNDQ2OTA4NTAzNTU3JTIxM2QtMjIuODQyNDAwMDg1MDQ0NjUyJTIxMm0zJTIxMWYwJTIxMmYwJTIxM2YwJTIxM20yJTIxMWkxMDI0JTIxMmk3NjglMjE0ZjEzLjElMjEzbTMlMjExbTIlMjExczB4OTRjNjNjYTllNzUyZDVhOSUyNTNBMHgyNGE2Nzg3N2IwNzk1MGNkJTIxMnNSLiUyNTIwUHJlZi4lMjUyMEpvJTI1QzMlMjVBM28lMjUyMEJhdGlzdGElMjUyMGRlJTI1MjAlMjVDMyUyNTgxZ3VpYXIlMjUyQyUyNTIwNjIlMjUyMC0lMjUyMFMlMjVDMyUyNUEzbyUyNTIwQ3Jpc3RvdmFvJTI1MjBJJTI1MkMlMjUyMFJpbyUyNTIwZGFzJTI1MjBQZWRyYXMlMjUyMC0lMjUyMFNQJTI1MkMlMjUyMDEzMzkwLTAwMCUyMTVlMCUyMTNtMiUyMTFzcHQtQlIlMjEyc2JyJTIxNHYxNTgyNzI2MjEzMDY0JTIxNW0yJTIxMXNwdC1CUiUyMTJzYnIlMjIlMjB3aWR0aCUzRCUyMjYwMCUyMiUyMGhlaWdodCUzRCUyMjQ1MCUyMiUyMGZyYW1lYm9yZGVyJTNEJTIyMCUyMiUyMHN0eWxlJTNEJTIyYm9yZGVyJTNBMCUzQiUyMiUyMGFsbG93ZnVsbHNjcmVlbiUzRCUyMiUyMiUzRSUzQyUyRmlmcmFtZSUzRQ==&#8221;][\/vc_column][\/vc_row]<\/p>\n<\/div>","protected":false},"excerpt":{"rendered":"<p>[vc_row wrap_container=&#8221;yes&#8221; el_class=&#8221;m-b-xl&#8221;][vc_column][vc_empty_space height=&#8221;50px&#8221;][vc_column_text] [caldera_form id=&#8221;CF5dfe3043a8235&#8243;] [\/vc_column_text][\/vc_column][\/vc_row][vc_row wrap_container=&#8221;yes&#8221; el_class=&#8221;m-b-xl&#8221;][vc_column width=&#8221;1\/2&#8243;][vc_custom_heading text=&#8221;Localiza\u00e7\u00e3o e Contato&#8221; font_container=&#8221;tag:h4|text_align:left&#8221; use_theme_fonts=&#8221;yes&#8221; skin=&#8221;primary&#8221;][vc_empty_space][bsf-info-box icon=&#8221;Defaults-map-marker&#8221; icon_size=&#8221;20&#8243; icon_color=&#8221;#78170e&#8221; title=&#8221;Rua: Jo\u00e3o Batista de Aguiar, 62 &#8211; S\u00e3o Cristov\u00e3o I Rio das Pedras S\u00e3o Paulo. CEP 13390-000&#8243;][\/bsf-info-box][bsf-info-box icon=&#8221;Defaults-whatsapp&#8221; icon_size=&#8221;20&#8243; icon_color=&#8221;#78170e&#8221; title=&#8221;+55.19.3493.1703 | 19.97412.2739 | 19.97404.2928&#8243;][\/bsf-info-box][bsf-info-box icon=&#8221;Defaults-envelope&#8221; icon_size=&#8221;20&#8243; icon_color=&#8221;#78170e&#8221; title=&#8221;comercial@alcanceguindastes.com.br&#8221;][\/bsf-info-box][\/vc_column][vc_column width=&#8221;1\/2&#8243;][vc_custom_heading text=&#8221;Hor\u00e1rios de Atendimento&#8221; font_container=&#8221;tag:h4|text_align:left&#8221; use_theme_fonts=&#8221;yes&#8221; skin=&#8221;primary&#8221;][vc_empty_space][bsf-info-box [&hellip;]<\/p>\n","protected":false},"author":1,"featured_media":0,"parent":0,"menu_order":0,"comment_status":"closed","ping_status":"closed","template":"","meta":{"footnotes":""},"class_list":["post-35","page","type-page","status-publish","hentry"],"_links":{"self":[{"href":"https:\/\/alcanceguindastes.com.br\/index.php\/wp-json\/wp\/v2\/pages\/35","targetHints":{"allow":["GET"]}}],"collection":[{"href":"https:\/\/alcanceguindastes.com.br\/index.php\/wp-json\/wp\/v2\/pages"}],"about":[{"href":"https:\/\/alcanceguindastes.com.br\/index.php\/wp-json\/wp\/v2\/types\/page"}],"author":[{"embeddable":true,"href":"https:\/\/alcanceguindastes.com.br\/index.php\/wp-json\/wp\/v2\/users\/1"}],"replies":[{"embeddable":true,"href":"https:\/\/alcanceguindastes.com.br\/index.php\/wp-json\/wp\/v2\/comments?post=35"}],"version-history":[{"count":13,"href":"https:\/\/alcanceguindastes.com.br\/index.php\/wp-json\/wp\/v2\/pages\/35\/revisions"}],"predecessor-version":[{"id":194,"href":"https:\/\/alcanceguindastes.com.br\/index.php\/wp-json\/wp\/v2\/pages\/35\/revisions\/194"}],"wp:attachment":[{"href":"https:\/\/alcanceguindastes.com.br\/index.php\/wp-json\/wp\/v2\/media?parent=35"}],"curies":[{"name":"wp","href":"https:\/\/api.w.org\/{rel}","templated":true}]}}